{"id":64,"date":"2023-04-02T19:56:31","date_gmt":"2023-04-02T19:56:31","guid":{"rendered":"https:\/\/dressz.hu\/?page_id=64"},"modified":"2023-11-11T15:39:55","modified_gmt":"2023-11-11T15:39:55","slug":"lelkipasztoroknak","status":"publish","type":"page","link":"https:\/\/dressz.hu\/index.php\/lelkipasztoroknak\/","title":{"rendered":"Lelkip\u00e1sztoroknak"},"content":{"rendered":"\n<p>\u2022Ha deleg\u00e1lni szeretn\u00e9nek: Id\u0151nk\u00e9nt mindannyiunkkal el\u0151fordul, tan\u00e1cstalanok vagyunk egy-egy t\u00f6rt\u00e9nettel kapcsolatban. Arra b\u00e1tor\u00edtunk, hogy keress a k\u00f6zeledben \u00e9l\u0151 lelkigondoz\u00f3t, akivel besz\u00e9lhetsz az esetr\u0151l, s k\u00f6z\u00f6sen dolgozhattok a megold\u00e1son.<\/p>\n\n\n\n<p>\u2022Ha seg\u00edts\u00e9gre van sz\u00fcks\u00e9ge: K\u00e9r\u00fcnk, keress benn\u00fcnket k\u00f6zponti e-mail c\u00edm\u00fcnk\u00f6n! dressz2022@gmail.com<br>Megkeres\u00e9sedet titkosan kezelj\u00fck. Igyeksz\u00fcnk min\u00e9l gyorsabban felvenni veled a kapcsolatot.<\/p>\n","protected":false},"excerpt":{"rendered":"<p>\u2022Ha deleg\u00e1lni szeretn\u00e9nek: Id\u0151nk\u00e9nt mindannyiunkkal el\u0151fordul, tan\u00e1cstalanok vagyunk egy-egy t\u00f6rt\u00e9nettel kapcsolatban. Arra b\u00e1tor\u00edtunk, hogy keress a k\u00f6zeledben \u00e9l\u0151 lelkigondoz\u00f3t, akivel besz\u00e9lhetsz az esetr\u0151l, s k\u00f6z\u00f6sen dolgozhattok a megold\u00e1son. \u2022Ha seg\u00edts\u00e9gre van sz\u00fcks\u00e9ge: K\u00e9r\u00fcnk, keress benn\u00fcnket k\u00f6zponti e-mail c\u00edm\u00fcnk\u00f6n! dressz2022@gmail.comMegkeres\u00e9sedet titkosan kezelj\u00fck. Igyeksz\u00fcnk min\u00e9l gyorsabban felvenni veled a kapcsolatot.<\/p>\n","protected":false},"author":1,"featured_media":0,"parent":0,"menu_order":0,"comment_status":"closed","ping_status":"closed","template":"","meta":{"footnotes":""},"class_list":["post-64","page","type-page","status-publish","hentry"],"_links":{"self":[{"href":"https:\/\/dressz.hu\/index.php\/wp-json\/wp\/v2\/pages\/64","targetHints":{"allow":["GET"]}}],"collection":[{"href":"https:\/\/dressz.hu\/index.php\/wp-json\/wp\/v2\/pages"}],"about":[{"href":"https:\/\/dressz.hu\/index.php\/wp-json\/wp\/v2\/types\/page"}],"author":[{"embeddable":true,"href":"https:\/\/dressz.hu\/index.php\/wp-json\/wp\/v2\/users\/1"}],"replies":[{"embeddable":true,"href":"https:\/\/dressz.hu\/index.php\/wp-json\/wp\/v2\/comments?post=64"}],"version-history":[{"count":3,"href":"https:\/\/dressz.hu\/index.php\/wp-json\/wp\/v2\/pages\/64\/revisions"}],"predecessor-version":[{"id":352,"href":"https:\/\/dressz.hu\/index.php\/wp-json\/wp\/v2\/pages\/64\/revisions\/352"}],"wp:attachment":[{"href":"https:\/\/dressz.hu\/index.php\/wp-json\/wp\/v2\/media?parent=64"}],"curies":[{"name":"wp","href":"https:\/\/api.w.org\/{rel}","templated":true}]}}