{"id":61,"date":"2023-04-02T19:56:31","date_gmt":"2023-04-02T19:56:31","guid":{"rendered":"https:\/\/dressz.hu\/?page_id=61"},"modified":"2024-04-13T19:25:26","modified_gmt":"2024-04-13T19:25:26","slug":"lelkigondozoink","status":"publish","type":"page","link":"https:\/\/dressz.hu\/index.php\/lelkigondozoink\/","title":{"rendered":"Lelkigondoz\u00f3ink"},"content":{"rendered":"\n<p>Lelkigondoz\u00f3ink professzion\u00e1lis szakemberek. Szeretettel v\u00e1rj\u00e1k megkeres\u00e9s\u00e9t.<\/p>\n\n\n\n<p>A leg\u00f6rd\u00fcl\u0151 men\u00fcben olvashatja munkat\u00e1rsaink nev\u00e9t. A n\u00e9vre kattintva megjelenik a bemutatkoz\u00e1s. Ott megtal\u00e1lja azt az e-mail c\u00edmet, melyen felveheti vele a kapcsolatot.<\/p>\n\n\n\n<p>Van lelkigondoz\u00f3i t\u00e9rk\u00e9p\u00fcnk is. Itt k\u00f6nnyen megtal\u00e1lhatja a saj\u00e1t lak\u00f3hely\u00e9hez legk\u00f6zelebbi szakembert. A <img loading=\"lazy\" decoding=\"async\" width=\"38\" height=\"40\" class=\"wp-image-439\" style=\"width: 38px;\" src=\"https:\/\/dressz.hu\/wp-content\/uploads\/2024\/04\/jelolo-1.jpg\" alt=\"\">\u00a0jelre kattintva el\u0151bukkan a bemutatkoz\u00e1s, s egyben az az e- mail c\u00edm, ahov\u00e1 \u00edrhat. Itt adja meg azokat a legsz\u00fcks\u00e9gesebb inform\u00e1ci\u00f3kat, melynek alapj\u00e1n megkereshetj\u00fck \u00f6nt.<\/p>\n\n\n\n<p>Igyeksz\u00fcnk mindenkivel gyorsan felvenni a kapcsolatot.<\/p>\n\n\n\n<p>Ha neh\u00e9zs\u00e9gei akadn\u00e1nk, k\u00e9rj\u00fck, k\u00f6zponti e-mail c\u00edm\u00fcnkre a <a href=\"mailto:dressz2022@gmail.com\">dressz2022@gmail.com<\/a> c\u00edmre \u00edrjon, igyeksz\u00fcnk seg\u00edts\u00e9g\u00e9re lenni.<\/p>\n","protected":false},"excerpt":{"rendered":"<p>Lelkigondoz\u00f3ink professzion\u00e1lis szakemberek. Szeretettel v\u00e1rj\u00e1k megkeres\u00e9s\u00e9t. A leg\u00f6rd\u00fcl\u0151 men\u00fcben olvashatja munkat\u00e1rsaink nev\u00e9t. A n\u00e9vre kattintva megjelenik a bemutatkoz\u00e1s. Ott megtal\u00e1lja azt az e-mail c\u00edmet, melyen felveheti vele a kapcsolatot. Van lelkigondoz\u00f3i t\u00e9rk\u00e9p\u00fcnk is. Itt k\u00f6nnyen megtal\u00e1lhatja a saj\u00e1t lak\u00f3hely\u00e9hez legk\u00f6zelebbi szakembert. A \u00a0jelre kattintva el\u0151bukkan a bemutatkoz\u00e1s, s egyben az az e- mail c\u00edm, ahov\u00e1 &hellip; <\/p>\n","protected":false},"author":1,"featured_media":0,"parent":0,"menu_order":0,"comment_status":"closed","ping_status":"closed","template":"","meta":{"footnotes":""},"class_list":["post-61","page","type-page","status-publish","hentry"],"_links":{"self":[{"href":"https:\/\/dressz.hu\/index.php\/wp-json\/wp\/v2\/pages\/61","targetHints":{"allow":["GET"]}}],"collection":[{"href":"https:\/\/dressz.hu\/index.php\/wp-json\/wp\/v2\/pages"}],"about":[{"href":"https:\/\/dressz.hu\/index.php\/wp-json\/wp\/v2\/types\/page"}],"author":[{"embeddable":true,"href":"https:\/\/dressz.hu\/index.php\/wp-json\/wp\/v2\/users\/1"}],"replies":[{"embeddable":true,"href":"https:\/\/dressz.hu\/index.php\/wp-json\/wp\/v2\/comments?post=61"}],"version-history":[{"count":3,"href":"https:\/\/dressz.hu\/index.php\/wp-json\/wp\/v2\/pages\/61\/revisions"}],"predecessor-version":[{"id":442,"href":"https:\/\/dressz.hu\/index.php\/wp-json\/wp\/v2\/pages\/61\/revisions\/442"}],"wp:attachment":[{"href":"https:\/\/dressz.hu\/index.php\/wp-json\/wp\/v2\/media?parent=61"}],"curies":[{"name":"wp","href":"https:\/\/api.w.org\/{rel}","templated":true}]}}