{"id":58,"date":"2023-04-02T19:56:31","date_gmt":"2023-04-02T19:56:31","guid":{"rendered":"https:\/\/dressz.hu\/?page_id=58"},"modified":"2024-04-04T18:05:06","modified_gmt":"2024-04-04T18:05:06","slug":"hany-alkalommal-szukseges-talalkozni","status":"publish","type":"page","link":"https:\/\/dressz.hu\/index.php\/hany-alkalommal-szukseges-talalkozni\/","title":{"rendered":"H\u00e1ny alkalommal sz\u00fcks\u00e9ges tal\u00e1lkozni?"},"content":{"rendered":"<p>N\u00e9ha m\u00e1r egy besz\u00e9lget\u00e9s is el\u00e9gs\u00e9ges ahhoz, hogy megk\u00f6nnyebb\u00fclj\u00f6n,<strong><br \/><\/strong>m\u00e1sk\u00e9nt l\u00e1sson dolgokat.<\/p>\n<p><!-- \/wp:post-content --><!-- wp:paragraph --><\/p>\n<p><!-- \/wp:paragraph --><\/p>\n<p><!-- wp:paragraph --><\/p>\n<p><!-- \/wp:paragraph --><\/p>\n\n<!-- wp:paragraph -->\n<p>Az \u00f6n \u00e1ltal v\u00e1lasztott lelkigondoz\u00f3 szakember fog javaslatot tenni<br>arra vonatkoz\u00f3an, h\u00e1ny alkalommal sz\u00fcks\u00e9ges tal\u00e1lkozniuk.<\/p>\n<!-- \/wp:paragraph -->","protected":false},"excerpt":{"rendered":"<p>N\u00e9ha m\u00e1r egy besz\u00e9lget\u00e9s is el\u00e9gs\u00e9ges ahhoz, hogy megk\u00f6nnyebb\u00fclj\u00f6n,m\u00e1sk\u00e9nt l\u00e1sson dolgokat. Az \u00f6n \u00e1ltal v\u00e1lasztott lelkigondoz\u00f3 szakember fog javaslatot tenniarra vonatkoz\u00f3an, h\u00e1ny alkalommal sz\u00fcks\u00e9ges tal\u00e1lkozniuk.<\/p>\n","protected":false},"author":1,"featured_media":0,"parent":0,"menu_order":0,"comment_status":"closed","ping_status":"closed","template":"","meta":{"footnotes":""},"class_list":["post-58","page","type-page","status-publish","hentry"],"_links":{"self":[{"href":"https:\/\/dressz.hu\/index.php\/wp-json\/wp\/v2\/pages\/58","targetHints":{"allow":["GET"]}}],"collection":[{"href":"https:\/\/dressz.hu\/index.php\/wp-json\/wp\/v2\/pages"}],"about":[{"href":"https:\/\/dressz.hu\/index.php\/wp-json\/wp\/v2\/types\/page"}],"author":[{"embeddable":true,"href":"https:\/\/dressz.hu\/index.php\/wp-json\/wp\/v2\/users\/1"}],"replies":[{"embeddable":true,"href":"https:\/\/dressz.hu\/index.php\/wp-json\/wp\/v2\/comments?post=58"}],"version-history":[{"count":7,"href":"https:\/\/dressz.hu\/index.php\/wp-json\/wp\/v2\/pages\/58\/revisions"}],"predecessor-version":[{"id":414,"href":"https:\/\/dressz.hu\/index.php\/wp-json\/wp\/v2\/pages\/58\/revisions\/414"}],"wp:attachment":[{"href":"https:\/\/dressz.hu\/index.php\/wp-json\/wp\/v2\/media?parent=58"}],"curies":[{"name":"wp","href":"https:\/\/api.w.org\/{rel}","templated":true}]}}