{"id":56,"date":"2023-04-02T19:56:31","date_gmt":"2023-04-02T19:56:31","guid":{"rendered":"https:\/\/dressz.hu\/?page_id=56"},"modified":"2024-04-18T17:19:54","modified_gmt":"2024-04-18T17:19:54","slug":"hogyan-zajlik-egy-lelkigondozoi-beszelgetes","status":"publish","type":"page","link":"https:\/\/dressz.hu\/index.php\/hogyan-zajlik-egy-lelkigondozoi-beszelgetes\/","title":{"rendered":"Hogyan zajlik egy lelkigondoz\u00f3i besz\u00e9lget\u00e9s?"},"content":{"rendered":"\n<p>Felt\u00f6lt\u00e9s alatt!<\/p>\n","protected":false},"excerpt":{"rendered":"<p>Felt\u00f6lt\u00e9s alatt!<\/p>\n","protected":false},"author":1,"featured_media":0,"parent":0,"menu_order":0,"comment_status":"closed","ping_status":"closed","template":"","meta":{"footnotes":""},"class_list":["post-56","page","type-page","status-publish","hentry"],"_links":{"self":[{"href":"https:\/\/dressz.hu\/index.php\/wp-json\/wp\/v2\/pages\/56","targetHints":{"allow":["GET"]}}],"collection":[{"href":"https:\/\/dressz.hu\/index.php\/wp-json\/wp\/v2\/pages"}],"about":[{"href":"https:\/\/dressz.hu\/index.php\/wp-json\/wp\/v2\/types\/page"}],"author":[{"embeddable":true,"href":"https:\/\/dressz.hu\/index.php\/wp-json\/wp\/v2\/users\/1"}],"replies":[{"embeddable":true,"href":"https:\/\/dressz.hu\/index.php\/wp-json\/wp\/v2\/comments?post=56"}],"version-history":[{"count":2,"href":"https:\/\/dressz.hu\/index.php\/wp-json\/wp\/v2\/pages\/56\/revisions"}],"predecessor-version":[{"id":454,"href":"https:\/\/dressz.hu\/index.php\/wp-json\/wp\/v2\/pages\/56\/revisions\/454"}],"wp:attachment":[{"href":"https:\/\/dressz.hu\/index.php\/wp-json\/wp\/v2\/media?parent=56"}],"curies":[{"name":"wp","href":"https:\/\/api.w.org\/{rel}","templated":true}]}}