{"id":316,"date":"2023-11-11T08:06:13","date_gmt":"2023-11-11T08:06:13","guid":{"rendered":"https:\/\/dressz.hu\/?page_id=316"},"modified":"2024-04-18T17:08:45","modified_gmt":"2024-04-18T17:08:45","slug":"kantorne-polus-ibolya-bemutatkozasa","status":"publish","type":"page","link":"https:\/\/dressz.hu\/index.php\/kantorne-polus-ibolya-bemutatkozasa\/","title":{"rendered":"K\u00e1ntorn\u00e9 P\u00f3lus Ibolya bemutatkoz\u00e1sa"},"content":{"rendered":"\n<div class=\"wp-block-media-text has-media-on-the-right is-stacked-on-mobile\" style=\"grid-template-columns:auto 31%\"><div class=\"wp-block-media-text__content\">\n<h1 class=\"wp-block-heading\">K\u00e1ntorn\u00e9 P\u00f3lus Ibolya <\/h1>\n\n\n\n<h4 class=\"wp-block-heading\">Ref. lelk\u00e9sz, ment\u00e1lhigi\u00e9n\u00e9s szakember<\/h4>\n\n\n\n<p><\/p>\n\n\n\n<p><\/p>\n\n\n\n<p><\/p>\n\n\n\n<p><\/p>\n\n\n\n<p><\/p>\n\n\n\n<p><\/p>\n\n\n\n<p><\/p>\n<\/div><figure class=\"wp-block-media-text__media\"><img loading=\"lazy\" decoding=\"async\" width=\"576\" height=\"1024\" src=\"https:\/\/dressz.hu\/wp-content\/uploads\/2023\/11\/IMG_20231105_155257-1-576x1024.jpg\" alt=\"\" class=\"wp-image-317 size-full\" srcset=\"https:\/\/dressz.hu\/wp-content\/uploads\/2023\/11\/IMG_20231105_155257-1-576x1024.jpg 576w, https:\/\/dressz.hu\/wp-content\/uploads\/2023\/11\/IMG_20231105_155257-1-169x300.jpg 169w, https:\/\/dressz.hu\/wp-content\/uploads\/2023\/11\/IMG_20231105_155257-1-768x1365.jpg 768w, https:\/\/dressz.hu\/wp-content\/uploads\/2023\/11\/IMG_20231105_155257-1-864x1536.jpg 864w, https:\/\/dressz.hu\/wp-content\/uploads\/2023\/11\/IMG_20231105_155257-1-1152x2048.jpg 1152w, https:\/\/dressz.hu\/wp-content\/uploads\/2023\/11\/IMG_20231105_155257-1-34x60.jpg 34w, https:\/\/dressz.hu\/wp-content\/uploads\/2023\/11\/IMG_20231105_155257-1-scaled.jpg 1440w\" sizes=\"auto, (max-width: 576px) 100vw, 576px\" \/><\/figure><\/div>\n\n\n\n<p>Tanulm\u00e1nyok: K\u00e1roli G\u00e1sp\u00e1r Reform\u00e1tus Egyetem, lelk\u00e9szi diploma<\/p>\n\n\n\n<p>SOTE Ment\u00e1lhigi\u00e9n\u00e9 Tansz\u00e9k, ment\u00e1lhigi\u00e9n\u00e9s szakir\u00e1ny\u00fa v\u00e9gzetts\u00e9g<\/p>\n\n\n\n<p>Csal\u00e1dias kis gy\u00fclekezetben szolg\u00e1lok, ahol napr\u00f3l-napra tapasztalom mennyire fontos, hogy meghallgat\u00e1sra tal\u00e1ljon az a sok fesz\u00fclts\u00e9g, gond, f\u00e1jdalom, k\u00e9ts\u00e9gbees\u00e9s, ami megterheli a sz\u00edvet-lelket. A meghallgat\u00e1son t\u00fal fontosnak tartom a lelki k\u00eds\u00e9r\u00e9st, amikor&nbsp; a besz\u00e9lget\u00e9s folyamata&nbsp; elseg\u00edt a saj\u00e1t v\u00e1laszokhoz, a kiutak saj\u00e1t megfogalmaz\u00e1s\u00e1hoz.&nbsp; &nbsp; \u00c9s mindenek felett az&nbsp; egym\u00e1s\u00e9rt val\u00f3 im\u00e1ds\u00e1got nagyon fontosnak tartom.<\/p>\n\n\n\n<p>Mott\u00f3m: &#8222;\u00c9n megyek el\u0151tted, a r\u00f6g\u00f6s utat elegyengetem&#8230;&#8221; \u00c9zsai\u00e1s 45,2<\/p>\n\n\n\n<p>El\u00e9rhet\u0151s\u00e9g: <a href=\"mailto:polusibolya@gmail.com\">polusibolya@gmail.com<\/a><\/p>\n","protected":false},"excerpt":{"rendered":"<p>K\u00e1ntorn\u00e9 P\u00f3lus Ibolya Ref. lelk\u00e9sz, ment\u00e1lhigi\u00e9n\u00e9s szakember Tanulm\u00e1nyok: K\u00e1roli G\u00e1sp\u00e1r Reform\u00e1tus Egyetem, lelk\u00e9szi diploma SOTE Ment\u00e1lhigi\u00e9n\u00e9 Tansz\u00e9k, ment\u00e1lhigi\u00e9n\u00e9s szakir\u00e1ny\u00fa v\u00e9gzetts\u00e9g Csal\u00e1dias kis gy\u00fclekezetben szolg\u00e1lok, ahol napr\u00f3l-napra tapasztalom mennyire fontos, hogy meghallgat\u00e1sra tal\u00e1ljon az a sok fesz\u00fclts\u00e9g, gond, f\u00e1jdalom, k\u00e9ts\u00e9gbees\u00e9s, ami megterheli a sz\u00edvet-lelket. A meghallgat\u00e1son t\u00fal fontosnak tartom a lelki k\u00eds\u00e9r\u00e9st, amikor&nbsp; a besz\u00e9lget\u00e9s folyamata&nbsp; &hellip; <\/p>\n","protected":false},"author":1,"featured_media":0,"parent":0,"menu_order":0,"comment_status":"closed","ping_status":"closed","template":"","meta":{"footnotes":""},"class_list":["post-316","page","type-page","status-publish","hentry"],"_links":{"self":[{"href":"https:\/\/dressz.hu\/index.php\/wp-json\/wp\/v2\/pages\/316","targetHints":{"allow":["GET"]}}],"collection":[{"href":"https:\/\/dressz.hu\/index.php\/wp-json\/wp\/v2\/pages"}],"about":[{"href":"https:\/\/dressz.hu\/index.php\/wp-json\/wp\/v2\/types\/page"}],"author":[{"embeddable":true,"href":"https:\/\/dressz.hu\/index.php\/wp-json\/wp\/v2\/users\/1"}],"replies":[{"embeddable":true,"href":"https:\/\/dressz.hu\/index.php\/wp-json\/wp\/v2\/comments?post=316"}],"version-history":[{"count":3,"href":"https:\/\/dressz.hu\/index.php\/wp-json\/wp\/v2\/pages\/316\/revisions"}],"predecessor-version":[{"id":453,"href":"https:\/\/dressz.hu\/index.php\/wp-json\/wp\/v2\/pages\/316\/revisions\/453"}],"wp:attachment":[{"href":"https:\/\/dressz.hu\/index.php\/wp-json\/wp\/v2\/media?parent=316"}],"curies":[{"name":"wp","href":"https:\/\/api.w.org\/{rel}","templated":true}]}}